{"id":731,"date":"2025-02-03T18:07:22","date_gmt":"2025-02-03T17:07:22","guid":{"rendered":"https:\/\/artetfenetresparis93.com\/?page_id=731"},"modified":"2025-02-04T15:49:35","modified_gmt":"2025-02-04T14:49:35","slug":"elementor-page-731-2","status":"publish","type":"page","link":"https:\/\/artetfenetresparis93.com\/index.php\/elementor-page-731-2\/","title":{"rendered":"Portes"},"content":{"rendered":"\t\t<div data-elementor-type=\"wp-page\" data-elementor-id=\"731\" class=\"elementor elementor-731\" data-elementor-post-type=\"page\">\n\t\t\t\t<div class=\"elementor-element elementor-element-f060f32 e-flex e-con-boxed e-con e-parent\" data-id=\"f060f32\" data-element_type=\"container\">\n\t\t\t\t\t<div class=\"e-con-inner\">\n\t\t<div class=\"elementor-element elementor-element-17c581e e-con-full e-flex e-con e-child\" data-id=\"17c581e\" data-element_type=\"container\">\n\t\t\t\t<div class=\"elementor-element elementor-element-082c1ad elementor-widget__width-initial elementor-widget elementor-widget-heading\" data-id=\"082c1ad\" data-element_type=\"widget\" data-widget_type=\"heading.default\">\n\t\t\t\t<div class=\"elementor-widget-container\">\n\t\t\t\t\t<h2 class=\"elementor-heading-title elementor-size-default\">Portes et Portes blind\u00e9es <\/h2>\t\t\t\t<\/div>\n\t\t\t\t<\/div>\n\t\t\t\t<div class=\"elementor-element elementor-element-453f09d elementor-widget__width-initial elementor-widget elementor-widget-text-editor\" data-id=\"453f09d\" data-element_type=\"widget\" data-widget_type=\"text-editor.default\">\n\t\t\t\t<div class=\"elementor-widget-container\">\n\t\t\t\t\t\t\t\t\t<p>Confiez votre s\u00e9curit\u00e9 \u00e0 des professionnels ! Art et fen\u00eatres propose des solutions efficaces et performantes pour vos portes et portes blind\u00e9es pour une s\u00e9curisation optimale de votre domicile ou de votre lieu de travail.<\/p><p>N\u2019h\u00e9sitez pas \u00e0 nous contacter pour obtenir un devis.<\/p>\t\t\t\t\t\t\t\t<\/div>\n\t\t\t\t<\/div>\n\t\t\t\t<\/div>\n\t\t\t\t\t<\/div>\n\t\t\t\t<\/div>\n\t\t<div class=\"elementor-element elementor-element-3ddadeb e-flex e-con-boxed e-con e-parent\" data-id=\"3ddadeb\" data-element_type=\"container\">\n\t\t\t\t\t<div class=\"e-con-inner\">\n\t\t<div class=\"elementor-element elementor-element-0598f28 e-con-full e-flex e-con e-child\" data-id=\"0598f28\" data-element_type=\"container\">\n\t\t\t\t<div class=\"elementor-element elementor-element-51d03b8 elementor-widget elementor-widget-image\" data-id=\"51d03b8\" data-element_type=\"widget\" data-widget_type=\"image.default\">\n\t\t\t\t<div class=\"elementor-widget-container\">\n\t\t\t\t\t\t\t\t\t\t\t\t\t\t\t<img fetchpriority=\"high\" decoding=\"async\" width=\"768\" height=\"512\" src=\"https:\/\/artetfenetresparis93.com\/wp-content\/uploads\/2025\/02\/SB-OUVERTURES-00115-1920w-768x512.jpg\" class=\"attachment-medium_large size-medium_large wp-image-734\" alt=\"\" srcset=\"https:\/\/artetfenetresparis93.com\/wp-content\/uploads\/2025\/02\/SB-OUVERTURES-00115-1920w-768x512.jpg 768w, https:\/\/artetfenetresparis93.com\/wp-content\/uploads\/2025\/02\/SB-OUVERTURES-00115-1920w-300x200.jpg 300w, https:\/\/artetfenetresparis93.com\/wp-content\/uploads\/2025\/02\/SB-OUVERTURES-00115-1920w-1024x683.jpg 1024w, https:\/\/artetfenetresparis93.com\/wp-content\/uploads\/2025\/02\/SB-OUVERTURES-00115-1920w-1536x1024.jpg 1536w, https:\/\/artetfenetresparis93.com\/wp-content\/uploads\/2025\/02\/SB-OUVERTURES-00115-1920w.jpg 1920w\" sizes=\"(max-width: 768px) 100vw, 768px\" \/>\t\t\t\t\t\t\t\t\t\t\t\t\t\t\t<\/div>\n\t\t\t\t<\/div>\n\t\t\t\t<\/div>\n\t\t<div class=\"elementor-element elementor-element-a721a20 e-con-full e-flex e-con e-child\" data-id=\"a721a20\" data-element_type=\"container\" data-settings=\"{&quot;background_background&quot;:&quot;classic&quot;}\">\n\t\t\t\t<div class=\"elementor-element elementor-element-3055ece elementor-widget elementor-widget-heading\" data-id=\"3055ece\" data-element_type=\"widget\" data-widget_type=\"heading.default\">\n\t\t\t\t<div class=\"elementor-widget-container\">\n\t\t\t\t\t<h2 class=\"elementor-heading-title elementor-size-default\">Nos portes blind\u00e9es<\/h2>\t\t\t\t<\/div>\n\t\t\t\t<\/div>\n\t\t\t\t<div class=\"elementor-element elementor-element-5fbc6e6 elementor-widget-divider--view-line elementor-widget elementor-widget-divider\" data-id=\"5fbc6e6\" data-element_type=\"widget\" data-widget_type=\"divider.default\">\n\t\t\t\t<div class=\"elementor-widget-container\">\n\t\t\t\t\t\t\t<div class=\"elementor-divider\">\n\t\t\t<span class=\"elementor-divider-separator\">\n\t\t\t\t\t\t<\/span>\n\t\t<\/div>\n\t\t\t\t\t\t<\/div>\n\t\t\t\t<\/div>\n\t\t\t\t<div class=\"elementor-element elementor-element-71bc2c8 elementor-widget elementor-widget-text-editor\" data-id=\"71bc2c8\" data-element_type=\"widget\" data-widget_type=\"text-editor.default\">\n\t\t\t\t<div class=\"elementor-widget-container\">\n\t\t\t\t\t\t\t\t\t<p>Nos portes blind\u00e9es conf\u00e8rent \u00e0 votre b\u00e2timent une s\u00e9curit\u00e9 maximale. \u00c0 l\u2019inverse d\u2019une porte traditionnelle, les portes blind\u00e9es, ne peuvent \u00eatre ouvertes par la force et r\u00e9duisent ainsi consid\u00e9rablement le risque d\u2019effractions.<\/p>\t\t\t\t\t\t\t\t<\/div>\n\t\t\t\t<\/div>\n\t\t\t\t<\/div>\n\t\t\t\t\t<\/div>\n\t\t\t\t<\/div>\n\t\t<div class=\"elementor-element elementor-element-ed02c8a e-flex e-con-boxed e-con e-parent\" data-id=\"ed02c8a\" data-element_type=\"container\">\n\t\t\t\t\t<div class=\"e-con-inner\">\n\t\t<div class=\"elementor-element elementor-element-89f5fa8 e-con-full e-flex e-con e-child\" data-id=\"89f5fa8\" data-element_type=\"container\">\n\t\t\t\t<div class=\"elementor-element elementor-element-231a15a elementor-widget elementor-widget-heading\" data-id=\"231a15a\" data-element_type=\"widget\" data-widget_type=\"heading.default\">\n\t\t\t\t<div class=\"elementor-widget-container\">\n\t\t\t\t\t<h2 class=\"elementor-heading-title elementor-size-default\">PORTES D'ENTR\u00c9E<\/h2>\t\t\t\t<\/div>\n\t\t\t\t<\/div>\n\t\t\t\t<div class=\"elementor-element elementor-element-7a216fa elementor-widget-divider--view-line elementor-widget elementor-widget-divider\" data-id=\"7a216fa\" data-element_type=\"widget\" data-widget_type=\"divider.default\">\n\t\t\t\t<div class=\"elementor-widget-container\">\n\t\t\t\t\t\t\t<div class=\"elementor-divider\">\n\t\t\t<span class=\"elementor-divider-separator\">\n\t\t\t\t\t\t<\/span>\n\t\t<\/div>\n\t\t\t\t\t\t<\/div>\n\t\t\t\t<\/div>\n\t\t\t\t<div class=\"elementor-element elementor-element-2c08e97 elementor-widget elementor-widget-text-editor\" data-id=\"2c08e97\" data-element_type=\"widget\" data-widget_type=\"text-editor.default\">\n\t\t\t\t<div class=\"elementor-widget-container\">\n\t\t\t\t\t\t\t\t\t<p>Le choix de la porte d\u2019entr\u00e9e de votre maison ne se fait pas au hasard. Art &amp; Fen\u00eatres vous propose plusieurs gammes de portes d\u2019entr\u00e9e variant les styles et les mat\u00e9riaux.<\/p><p>Nos mod\u00e8les de portes d&#8217;entr\u00e9e r\u00e9pondent forc\u00e9ment \u00e0 vos exigences. Choisi avec soin, le mod\u00e8le de votre porte refl\u00e8te l\u2019hospitalit\u00e9 et le style de votre foyer.<\/p>\t\t\t\t\t\t\t\t<\/div>\n\t\t\t\t<\/div>\n\t\t\t\t<\/div>\n\t\t<div class=\"elementor-element elementor-element-4cf31a5 e-con-full e-flex e-con e-child\" data-id=\"4cf31a5\" data-element_type=\"container\">\n\t\t\t\t<div class=\"elementor-element elementor-element-4fa287f elementor-widget elementor-widget-image\" data-id=\"4fa287f\" data-element_type=\"widget\" data-widget_type=\"image.default\">\n\t\t\t\t<div class=\"elementor-widget-container\">\n\t\t\t\t\t\t\t\t\t\t\t\t\t\t\t<img decoding=\"async\" width=\"481\" height=\"372\" src=\"https:\/\/artetfenetresparis93.com\/wp-content\/uploads\/2025\/02\/Capture-decran-2025-02-03-180517.png\" class=\"attachment-full size-full wp-image-735\" alt=\"\" srcset=\"https:\/\/artetfenetresparis93.com\/wp-content\/uploads\/2025\/02\/Capture-decran-2025-02-03-180517.png 481w, https:\/\/artetfenetresparis93.com\/wp-content\/uploads\/2025\/02\/Capture-decran-2025-02-03-180517-300x232.png 300w\" sizes=\"(max-width: 481px) 100vw, 481px\" \/>\t\t\t\t\t\t\t\t\t\t\t\t\t\t\t<\/div>\n\t\t\t\t<\/div>\n\t\t\t\t<\/div>\n\t\t\t\t\t<\/div>\n\t\t\t\t<\/div>\n\t\t<div class=\"elementor-element elementor-element-376b85f e-flex e-con-boxed e-con e-parent\" data-id=\"376b85f\" data-element_type=\"container\">\n\t\t\t\t\t<div class=\"e-con-inner\">\n\t\t<div class=\"elementor-element elementor-element-dd1aadd e-con-full e-flex e-con e-child\" data-id=\"dd1aadd\" data-element_type=\"container\">\n\t\t\t\t<div class=\"elementor-element elementor-element-3973632 elementor-widget elementor-widget-image\" data-id=\"3973632\" data-element_type=\"widget\" data-widget_type=\"image.default\">\n\t\t\t\t<div class=\"elementor-widget-container\">\n\t\t\t\t\t\t\t\t\t\t\t\t\t\t\t<img decoding=\"async\" width=\"512\" height=\"393\" src=\"https:\/\/artetfenetresparis93.com\/wp-content\/uploads\/2025\/02\/Capture-decran-2025-02-03-180822.png\" class=\"attachment-large size-large wp-image-737\" alt=\"\" srcset=\"https:\/\/artetfenetresparis93.com\/wp-content\/uploads\/2025\/02\/Capture-decran-2025-02-03-180822.png 512w, https:\/\/artetfenetresparis93.com\/wp-content\/uploads\/2025\/02\/Capture-decran-2025-02-03-180822-300x230.png 300w\" sizes=\"(max-width: 512px) 100vw, 512px\" \/>\t\t\t\t\t\t\t\t\t\t\t\t\t\t\t<\/div>\n\t\t\t\t<\/div>\n\t\t\t\t<\/div>\n\t\t<div class=\"elementor-element elementor-element-1b22e1e e-con-full e-flex e-con e-child\" data-id=\"1b22e1e\" data-element_type=\"container\" data-settings=\"{&quot;background_background&quot;:&quot;classic&quot;}\">\n\t\t\t\t<div class=\"elementor-element elementor-element-edce262 elementor-widget elementor-widget-text-editor\" data-id=\"edce262\" data-element_type=\"widget\" data-widget_type=\"text-editor.default\">\n\t\t\t\t<div class=\"elementor-widget-container\">\n\t\t\t\t\t\t\t\t\t<p><span style=\"color: var( --e-global-color-text ); font-family: var( --e-global-typography-text-font-family ), Sans-serif; font-size: var( --e-global-typography-text-font-size ); font-style: var( --e-global-typography-text-font-style ); font-weight: var( --e-global-typography-text-font-weight ); letter-spacing: var( --e-global-typography-text-letter-spacing ); text-transform: var( --e-global-typography-text-text-transform ); text-align: var(--text-align); background-color: var( --e-global-color-c696dce );\">Il y a plusieurs caract\u00e9ristiques \u00e0 prendre en compte dans le choix d\u2019une porte d\u2019entr\u00e9e,&nbsp;<\/span>telles que :<\/p>\n<ul>\n<li>la r\u00e9sistance \u00e0 l\u2019effraction<\/li>\n<li>la r\u00e9sistance aux \u00e9l\u00e9ments m\u00e9t\u00e9orologiques<\/li>\n<li>l\u2019aspect esth\u00e9tique (design, couleur, etc.)<\/li>\n<li>l\u2019isolation thermique et phonique<\/li>\n<li>la facilit\u00e9 de l\u2019entretien<\/li>\n<\/ul>\t\t\t\t\t\t\t\t<\/div>\n\t\t\t\t<\/div>\n\t\t\t\t<\/div>\n\t\t\t\t\t<\/div>\n\t\t\t\t<\/div>\n\t\t<div class=\"elementor-element elementor-element-bfa0650 e-flex e-con-boxed e-con e-parent\" data-id=\"bfa0650\" data-element_type=\"container\">\n\t\t\t\t\t<div class=\"e-con-inner\">\n\t\t\t\t<div class=\"elementor-element elementor-element-f87ef5a elementor-widget elementor-widget-html\" data-id=\"f87ef5a\" data-element_type=\"widget\" data-widget_type=\"html.default\">\n\t\t\t\t<div class=\"elementor-widget-container\">\n\t\t\t\t\t<div class=\"_df_book df-lite\" id=\"df_29\"  _slug=\"29\" data-title=\"pdf-principale\" wpoptions=\"true\" thumb=\"http:\/\/artetfenetresparis93.com\/wp-content\/uploads\/2024\/02\/cropped-Capture.png\" thumbtype=\"\" ><\/div><script class=\"df-shortcode-script\" nowprocket type=\"application\/javascript\">window.option_df_29 = {\"webgl\":\"true\",\"outline\":[],\"autoEnableOutline\":\"false\",\"autoEnableThumbnail\":\"false\",\"overwritePDFOutline\":\"false\",\"enableDownload\":\"false\",\"direction\":\"1\",\"pageSize\":\"0\",\"controlsPosition\":\"bottom\",\"source\":\"http:\\\/\\\/artetfenetresparis93.com\\\/wp-content\\\/uploads\\\/2024\\\/02\\\/publication.pdf\",\"wpOptions\":\"true\"}; if(window.DFLIP && window.DFLIP.parseBooks){window.DFLIP.parseBooks();}<\/script>\t\t\t\t\t<\/div>\n\t\t\t\t<\/div>\n\t\t\t\t\t<\/div>\n\t\t\t\t<\/div>\n\t\t\t\t<\/div>\n\t\t","protected":false},"excerpt":{"rendered":"<p>Portes et Portes blind\u00e9es Confiez votre s\u00e9curit\u00e9 \u00e0 des professionnels ! Art et fen\u00eatres propose des solutions efficaces et performantes [&hellip;]<\/p>\n","protected":false},"author":1,"featured_media":0,"parent":0,"menu_order":0,"comment_status":"closed","ping_status":"closed","template":"","meta":{"om_disable_all_campaigns":false,"_monsterinsights_skip_tracking":false,"_monsterinsights_sitenote_active":false,"_monsterinsights_sitenote_note":"","_monsterinsights_sitenote_category":0,"site-sidebar-layout":"no-sidebar","site-content-layout":"","ast-site-content-layout":"full-width-container","site-content-style":"default","site-sidebar-style":"default","ast-global-header-display":"","ast-banner-title-visibility":"","ast-main-header-display":"","ast-hfb-above-header-display":"","ast-hfb-below-header-display":"","ast-hfb-mobile-header-display":"","site-post-title":"disabled","ast-breadcrumbs-content":"","ast-featured-img":"disabled","footer-sml-layout":"","theme-transparent-header-meta":"","adv-header-id-meta":"","stick-header-meta":"","header-above-stick-meta":"","header-main-stick-meta":"","header-below-stick-meta":"","astra-migrate-meta-layouts":"default","ast-page-background-enabled":"default","ast-page-background-meta":{"desktop":{"background-color":"var(--ast-global-color-4)","background-image":"","background-repeat":"repeat","background-position":"center center","background-size":"auto","background-attachment":"scroll","background-type":"","background-media":"","overlay-type":"","overlay-color":"","overlay-opacity":"","overlay-gradient":""},"tablet":{"background-color":"","background-image":"","background-repeat":"repeat","background-position":"center center","background-size":"auto","background-attachment":"scroll","background-type":"","background-media":"","overlay-type":"","overlay-color":"","overlay-opacity":"","overlay-gradient":""},"mobile":{"background-color":"","background-image":"","background-repeat":"repeat","background-position":"center center","background-size":"auto","background-attachment":"scroll","background-type":"","background-media":"","overlay-type":"","overlay-color":"","overlay-opacity":"","overlay-gradient":""}},"ast-content-background-meta":{"desktop":{"background-color":"var(--ast-global-color-5)","background-image":"","background-repeat":"repeat","background-position":"center center","background-size":"auto","background-attachment":"scroll","background-type":"","background-media":"","overlay-type":"","overlay-color":"","overlay-opacity":"","overlay-gradient":""},"tablet":{"background-color":"var(--ast-global-color-5)","background-image":"","background-repeat":"repeat","background-position":"center center","background-size":"auto","background-attachment":"scroll","background-type":"","background-media":"","overlay-type":"","overlay-color":"","overlay-opacity":"","overlay-gradient":""},"mobile":{"background-color":"var(--ast-global-color-5)","background-image":"","background-repeat":"repeat","background-position":"center center","background-size":"auto","background-attachment":"scroll","background-type":"","background-media":"","overlay-type":"","overlay-color":"","overlay-opacity":"","overlay-gradient":""}},"footnotes":""},"yoast_head":"<!-- This site is optimized with the Yoast SEO plugin v23.0 - https:\/\/yoast.com\/wordpress\/plugins\/seo\/ -->\n<title>Portes - Fabricant et installateur de portes et fen\u00eatres en pvc ou aluminium, neuves ou sur mesure.<\/title>\n<meta name=\"robots\" content=\"index, follow, max-snippet:-1, max-image-preview:large, max-video-preview:-1\" \/>\n<link rel=\"canonical\" href=\"https:\/\/artetfenetresparis93.com\/index.php\/elementor-page-731-2\/\" \/>\n<meta property=\"og:locale\" content=\"en_US\" \/>\n<meta property=\"og:type\" content=\"article\" \/>\n<meta property=\"og:title\" content=\"Portes - Fabricant et installateur de portes et fen\u00eatres en pvc ou aluminium, neuves ou sur mesure.\" \/>\n<meta property=\"og:description\" content=\"Portes et Portes blind\u00e9es Confiez votre s\u00e9curit\u00e9 \u00e0 des professionnels ! Art et fen\u00eatres propose des solutions efficaces et performantes [&hellip;]\" \/>\n<meta property=\"og:url\" content=\"https:\/\/artetfenetresparis93.com\/index.php\/elementor-page-731-2\/\" \/>\n<meta property=\"og:site_name\" content=\"Fabricant et installateur de portes et fen\u00eatres en pvc ou aluminium, neuves ou sur mesure.\" \/>\n<meta property=\"article:modified_time\" content=\"2025-02-04T14:49:35+00:00\" \/>\n<meta property=\"og:image\" content=\"http:\/\/artetfenetresparis93.com\/wp-content\/uploads\/2025\/02\/SB-OUVERTURES-00115-1920w-768x512.jpg\" \/>\n<meta name=\"twitter:card\" content=\"summary_large_image\" \/>\n<meta name=\"twitter:label1\" content=\"Est. reading time\" \/>\n\t<meta name=\"twitter:data1\" content=\"2 minutes\" \/>\n<script type=\"application\/ld+json\" class=\"yoast-schema-graph\">{\"@context\":\"https:\/\/schema.org\",\"@graph\":[{\"@type\":\"WebPage\",\"@id\":\"https:\/\/artetfenetresparis93.com\/index.php\/elementor-page-731-2\/\",\"url\":\"https:\/\/artetfenetresparis93.com\/index.php\/elementor-page-731-2\/\",\"name\":\"Portes - Fabricant et installateur de portes et fen\u00eatres en pvc ou aluminium, neuves ou sur mesure.\",\"isPartOf\":{\"@id\":\"https:\/\/artetfenetresparis93.com\/#website\"},\"primaryImageOfPage\":{\"@id\":\"https:\/\/artetfenetresparis93.com\/index.php\/elementor-page-731-2\/#primaryimage\"},\"image\":{\"@id\":\"https:\/\/artetfenetresparis93.com\/index.php\/elementor-page-731-2\/#primaryimage\"},\"thumbnailUrl\":\"http:\/\/artetfenetresparis93.com\/wp-content\/uploads\/2025\/02\/SB-OUVERTURES-00115-1920w-768x512.jpg\",\"datePublished\":\"2025-02-03T17:07:22+00:00\",\"dateModified\":\"2025-02-04T14:49:35+00:00\",\"breadcrumb\":{\"@id\":\"https:\/\/artetfenetresparis93.com\/index.php\/elementor-page-731-2\/#breadcrumb\"},\"inLanguage\":\"en-US\",\"potentialAction\":[{\"@type\":\"ReadAction\",\"target\":[\"https:\/\/artetfenetresparis93.com\/index.php\/elementor-page-731-2\/\"]}]},{\"@type\":\"ImageObject\",\"inLanguage\":\"en-US\",\"@id\":\"https:\/\/artetfenetresparis93.com\/index.php\/elementor-page-731-2\/#primaryimage\",\"url\":\"https:\/\/artetfenetresparis93.com\/wp-content\/uploads\/2025\/02\/SB-OUVERTURES-00115-1920w.jpg\",\"contentUrl\":\"https:\/\/artetfenetresparis93.com\/wp-content\/uploads\/2025\/02\/SB-OUVERTURES-00115-1920w.jpg\",\"width\":1920,\"height\":1280},{\"@type\":\"BreadcrumbList\",\"@id\":\"https:\/\/artetfenetresparis93.com\/index.php\/elementor-page-731-2\/#breadcrumb\",\"itemListElement\":[{\"@type\":\"ListItem\",\"position\":1,\"name\":\"Accueil\",\"item\":\"https:\/\/artetfenetresparis93.com\/\"},{\"@type\":\"ListItem\",\"position\":2,\"name\":\"Portes\"}]},{\"@type\":\"WebSite\",\"@id\":\"https:\/\/artetfenetresparis93.com\/#website\",\"url\":\"https:\/\/artetfenetresparis93.com\/\",\"name\":\"Fabricant et installateur de portes et fen\u00eatres en pvc ou aluminium, neuves ou sur mesure.\",\"description\":\"\",\"publisher\":{\"@id\":\"https:\/\/artetfenetresparis93.com\/#organization\"},\"potentialAction\":[{\"@type\":\"SearchAction\",\"target\":{\"@type\":\"EntryPoint\",\"urlTemplate\":\"https:\/\/artetfenetresparis93.com\/?s={search_term_string}\"},\"query-input\":\"required name=search_term_string\"}],\"inLanguage\":\"en-US\"},{\"@type\":\"Organization\",\"@id\":\"https:\/\/artetfenetresparis93.com\/#organization\",\"name\":\"Fabricant et installateur de portes et fen\u00eatres en pvc ou aluminium, neuves ou sur mesure.\",\"url\":\"https:\/\/artetfenetresparis93.com\/\",\"logo\":{\"@type\":\"ImageObject\",\"inLanguage\":\"en-US\",\"@id\":\"https:\/\/artetfenetresparis93.com\/#\/schema\/logo\/image\/\",\"url\":\"https:\/\/artetfenetresparis93.com\/wp-content\/uploads\/2024\/02\/cropped-Capture-e1707413239514.png\",\"contentUrl\":\"https:\/\/artetfenetresparis93.com\/wp-content\/uploads\/2024\/02\/cropped-Capture-e1707413239514.png\",\"width\":245,\"height\":73,\"caption\":\"Fabricant et installateur de portes et fen\u00eatres en pvc ou aluminium, neuves ou sur mesure. \"},\"image\":{\"@id\":\"https:\/\/artetfenetresparis93.com\/#\/schema\/logo\/image\/\"}}]}<\/script>\n<!-- \/ Yoast SEO plugin. -->","yoast_head_json":{"title":"Portes - Fabricant et installateur de portes et fen\u00eatres en pvc ou aluminium, neuves ou sur mesure.","robots":{"index":"index","follow":"follow","max-snippet":"max-snippet:-1","max-image-preview":"max-image-preview:large","max-video-preview":"max-video-preview:-1"},"canonical":"https:\/\/artetfenetresparis93.com\/index.php\/elementor-page-731-2\/","og_locale":"en_US","og_type":"article","og_title":"Portes - Fabricant et installateur de portes et fen\u00eatres en pvc ou aluminium, neuves ou sur mesure.","og_description":"Portes et Portes blind\u00e9es Confiez votre s\u00e9curit\u00e9 \u00e0 des professionnels ! Art et fen\u00eatres propose des solutions efficaces et performantes [&hellip;]","og_url":"https:\/\/artetfenetresparis93.com\/index.php\/elementor-page-731-2\/","og_site_name":"Fabricant et installateur de portes et fen\u00eatres en pvc ou aluminium, neuves ou sur mesure.","article_modified_time":"2025-02-04T14:49:35+00:00","og_image":[{"url":"http:\/\/artetfenetresparis93.com\/wp-content\/uploads\/2025\/02\/SB-OUVERTURES-00115-1920w-768x512.jpg"}],"twitter_card":"summary_large_image","twitter_misc":{"Est. reading time":"2 minutes"},"schema":{"@context":"https:\/\/schema.org","@graph":[{"@type":"WebPage","@id":"https:\/\/artetfenetresparis93.com\/index.php\/elementor-page-731-2\/","url":"https:\/\/artetfenetresparis93.com\/index.php\/elementor-page-731-2\/","name":"Portes - Fabricant et installateur de portes et fen\u00eatres en pvc ou aluminium, neuves ou sur mesure.","isPartOf":{"@id":"https:\/\/artetfenetresparis93.com\/#website"},"primaryImageOfPage":{"@id":"https:\/\/artetfenetresparis93.com\/index.php\/elementor-page-731-2\/#primaryimage"},"image":{"@id":"https:\/\/artetfenetresparis93.com\/index.php\/elementor-page-731-2\/#primaryimage"},"thumbnailUrl":"http:\/\/artetfenetresparis93.com\/wp-content\/uploads\/2025\/02\/SB-OUVERTURES-00115-1920w-768x512.jpg","datePublished":"2025-02-03T17:07:22+00:00","dateModified":"2025-02-04T14:49:35+00:00","breadcrumb":{"@id":"https:\/\/artetfenetresparis93.com\/index.php\/elementor-page-731-2\/#breadcrumb"},"inLanguage":"en-US","potentialAction":[{"@type":"ReadAction","target":["https:\/\/artetfenetresparis93.com\/index.php\/elementor-page-731-2\/"]}]},{"@type":"ImageObject","inLanguage":"en-US","@id":"https:\/\/artetfenetresparis93.com\/index.php\/elementor-page-731-2\/#primaryimage","url":"https:\/\/artetfenetresparis93.com\/wp-content\/uploads\/2025\/02\/SB-OUVERTURES-00115-1920w.jpg","contentUrl":"https:\/\/artetfenetresparis93.com\/wp-content\/uploads\/2025\/02\/SB-OUVERTURES-00115-1920w.jpg","width":1920,"height":1280},{"@type":"BreadcrumbList","@id":"https:\/\/artetfenetresparis93.com\/index.php\/elementor-page-731-2\/#breadcrumb","itemListElement":[{"@type":"ListItem","position":1,"name":"Accueil","item":"https:\/\/artetfenetresparis93.com\/"},{"@type":"ListItem","position":2,"name":"Portes"}]},{"@type":"WebSite","@id":"https:\/\/artetfenetresparis93.com\/#website","url":"https:\/\/artetfenetresparis93.com\/","name":"Fabricant et installateur de portes et fen\u00eatres en pvc ou aluminium, neuves ou sur mesure.","description":"","publisher":{"@id":"https:\/\/artetfenetresparis93.com\/#organization"},"potentialAction":[{"@type":"SearchAction","target":{"@type":"EntryPoint","urlTemplate":"https:\/\/artetfenetresparis93.com\/?s={search_term_string}"},"query-input":"required name=search_term_string"}],"inLanguage":"en-US"},{"@type":"Organization","@id":"https:\/\/artetfenetresparis93.com\/#organization","name":"Fabricant et installateur de portes et fen\u00eatres en pvc ou aluminium, neuves ou sur mesure.","url":"https:\/\/artetfenetresparis93.com\/","logo":{"@type":"ImageObject","inLanguage":"en-US","@id":"https:\/\/artetfenetresparis93.com\/#\/schema\/logo\/image\/","url":"https:\/\/artetfenetresparis93.com\/wp-content\/uploads\/2024\/02\/cropped-Capture-e1707413239514.png","contentUrl":"https:\/\/artetfenetresparis93.com\/wp-content\/uploads\/2024\/02\/cropped-Capture-e1707413239514.png","width":245,"height":73,"caption":"Fabricant et installateur de portes et fen\u00eatres en pvc ou aluminium, neuves ou sur mesure. "},"image":{"@id":"https:\/\/artetfenetresparis93.com\/#\/schema\/logo\/image\/"}}]}},"_links":{"self":[{"href":"https:\/\/artetfenetresparis93.com\/index.php\/wp-json\/wp\/v2\/pages\/731"}],"collection":[{"href":"https:\/\/artetfenetresparis93.com\/index.php\/wp-json\/wp\/v2\/pages"}],"about":[{"href":"https:\/\/artetfenetresparis93.com\/index.php\/wp-json\/wp\/v2\/types\/page"}],"author":[{"embeddable":true,"href":"https:\/\/artetfenetresparis93.com\/index.php\/wp-json\/wp\/v2\/users\/1"}],"replies":[{"embeddable":true,"href":"https:\/\/artetfenetresparis93.com\/index.php\/wp-json\/wp\/v2\/comments?post=731"}],"version-history":[{"count":28,"href":"https:\/\/artetfenetresparis93.com\/index.php\/wp-json\/wp\/v2\/pages\/731\/revisions"}],"predecessor-version":[{"id":830,"href":"https:\/\/artetfenetresparis93.com\/index.php\/wp-json\/wp\/v2\/pages\/731\/revisions\/830"}],"wp:attachment":[{"href":"https:\/\/artetfenetresparis93.com\/index.php\/wp-json\/wp\/v2\/media?parent=731"}],"curies":[{"name":"wp","href":"https:\/\/api.w.org\/{rel}","templated":true}]}}