{"id":754,"date":"2025-02-03T20:08:48","date_gmt":"2025-02-03T19:08:48","guid":{"rendered":"https:\/\/artetfenetresparis93.com\/?page_id=754"},"modified":"2025-02-04T15:53:35","modified_gmt":"2025-02-04T14:53:35","slug":"elementor-page-831","status":"publish","type":"page","link":"https:\/\/artetfenetresparis93.com\/index.php\/elementor-page-831\/","title":{"rendered":"Volets et Store Banne"},"content":{"rendered":"\t\t<div data-elementor-type=\"wp-page\" data-elementor-id=\"754\" class=\"elementor elementor-754\" data-elementor-post-type=\"page\">\n\t\t\t\t<div class=\"elementor-element elementor-element-e1b804a e-flex e-con-boxed e-con e-parent\" data-id=\"e1b804a\" data-element_type=\"container\">\n\t\t\t\t\t<div class=\"e-con-inner\">\n\t\t<div class=\"elementor-element elementor-element-640931c e-con-full e-flex e-con e-child\" data-id=\"640931c\" data-element_type=\"container\">\n\t\t\t\t<div class=\"elementor-element elementor-element-483e879 elementor-widget__width-initial elementor-widget elementor-widget-heading\" data-id=\"483e879\" data-element_type=\"widget\" data-widget_type=\"heading.default\">\n\t\t\t\t<div class=\"elementor-widget-container\">\n\t\t\t\t\t<h2 class=\"elementor-heading-title elementor-size-default\">Volets et Store Banne<\/h2>\t\t\t\t<\/div>\n\t\t\t\t<\/div>\n\t\t\t\t<div class=\"elementor-element elementor-element-5522b0f elementor-widget__width-initial elementor-widget elementor-widget-text-editor\" data-id=\"5522b0f\" data-element_type=\"widget\" data-widget_type=\"text-editor.default\">\n\t\t\t\t<div class=\"elementor-widget-container\">\n\t\t\t\t\t\t\t\t\t<p>Accompagnez vos fen\u00eatres de volets neufs avec la gamme de volets Art et Fen\u00eatres. Des styles vari\u00e9s pour correspondre \u00e0 l\u2019architecture de votre maison, un large choix de coloris, des mat\u00e9riaux aux performances indiscutables\u2026 Art et Fen\u00eatres d\u00e9ploie le meilleur de son savoir faire.<\/p>\t\t\t\t\t\t\t\t<\/div>\n\t\t\t\t<\/div>\n\t\t\t\t<\/div>\n\t\t\t\t\t<\/div>\n\t\t\t\t<\/div>\n\t\t<div class=\"elementor-element elementor-element-8bee9ff e-flex e-con-boxed e-con e-parent\" data-id=\"8bee9ff\" data-element_type=\"container\">\n\t\t\t\t\t<div class=\"e-con-inner\">\n\t\t<div class=\"elementor-element elementor-element-6e44710 e-con-full e-flex e-con e-child\" data-id=\"6e44710\" data-element_type=\"container\" data-settings=\"{&quot;background_background&quot;:&quot;classic&quot;}\">\n\t\t\t\t<div class=\"elementor-element elementor-element-b2e86d0 elementor-widget elementor-widget-heading\" data-id=\"b2e86d0\" data-element_type=\"widget\" data-widget_type=\"heading.default\">\n\t\t\t\t<div class=\"elementor-widget-container\">\n\t\t\t\t\t<h2 class=\"elementor-heading-title elementor-size-default\">VOLETS ALU<\/h2>\t\t\t\t<\/div>\n\t\t\t\t<\/div>\n\t\t\t\t<div class=\"elementor-element elementor-element-e74a4c5 elementor-widget-divider--view-line elementor-widget elementor-widget-divider\" data-id=\"e74a4c5\" data-element_type=\"widget\" data-widget_type=\"divider.default\">\n\t\t\t\t<div class=\"elementor-widget-container\">\n\t\t\t\t\t\t\t<div class=\"elementor-divider\">\n\t\t\t<span class=\"elementor-divider-separator\">\n\t\t\t\t\t\t<\/span>\n\t\t<\/div>\n\t\t\t\t\t\t<\/div>\n\t\t\t\t<\/div>\n\t\t\t\t<div class=\"elementor-element elementor-element-7a9d97f elementor-widget elementor-widget-text-editor\" data-id=\"7a9d97f\" data-element_type=\"widget\" data-widget_type=\"text-editor.default\">\n\t\t\t\t<div class=\"elementor-widget-container\">\n\t\t\t\t\t\t\t\t\t<p>La nouvelle gamme Art et Fen\u00eatres a de quoi vous s\u00e9duire. En plus d\u2019une multitude de mod\u00e8les dans des styles diff\u00e9rents, votre fabricant de menuiseries propose diff\u00e9rents syst\u00e8mes d\u2019ouverture. Plut\u00f4t classique avec les volets battants ? Ou bien moderne avec les volets coulissants ? Quel que soit votre choix, une pose soign\u00e9e et m\u00e9ticuleuse assurera une ouverture des volets facile et confortable.<\/p>\t\t\t\t\t\t\t\t<\/div>\n\t\t\t\t<\/div>\n\t\t\t\t<\/div>\n\t\t<div class=\"elementor-element elementor-element-99389af e-con-full e-flex e-con e-child\" data-id=\"99389af\" data-element_type=\"container\">\n\t\t\t\t<div class=\"elementor-element elementor-element-5b69747 elementor-widget elementor-widget-image\" data-id=\"5b69747\" data-element_type=\"widget\" data-widget_type=\"image.default\">\n\t\t\t\t<div class=\"elementor-widget-container\">\n\t\t\t\t\t\t\t\t\t\t\t\t\t\t\t<img fetchpriority=\"high\" decoding=\"async\" width=\"760\" height=\"504\" src=\"https:\/\/artetfenetresparis93.com\/wp-content\/uploads\/2025\/02\/csm_visuels-contact-page-temoignages-volets_c65821f147.jpg\" class=\"attachment-large size-large wp-image-766\" alt=\"\" srcset=\"https:\/\/artetfenetresparis93.com\/wp-content\/uploads\/2025\/02\/csm_visuels-contact-page-temoignages-volets_c65821f147.jpg 760w, https:\/\/artetfenetresparis93.com\/wp-content\/uploads\/2025\/02\/csm_visuels-contact-page-temoignages-volets_c65821f147-300x199.jpg 300w\" sizes=\"(max-width: 760px) 100vw, 760px\" \/>\t\t\t\t\t\t\t\t\t\t\t\t\t\t\t<\/div>\n\t\t\t\t<\/div>\n\t\t\t\t<\/div>\n\t\t\t\t\t<\/div>\n\t\t\t\t<\/div>\n\t\t<div class=\"elementor-element elementor-element-2ef0281 e-flex e-con-boxed e-con e-parent\" data-id=\"2ef0281\" data-element_type=\"container\">\n\t\t\t\t\t<div class=\"e-con-inner\">\n\t\t<div class=\"elementor-element elementor-element-3922026 e-con-full e-flex e-con e-child\" data-id=\"3922026\" data-element_type=\"container\">\n\t\t\t\t<div class=\"elementor-element elementor-element-92add27 elementor-widget elementor-widget-image\" data-id=\"92add27\" data-element_type=\"widget\" data-widget_type=\"image.default\">\n\t\t\t\t<div class=\"elementor-widget-container\">\n\t\t\t\t\t\t\t\t\t\t\t\t\t\t\t<img decoding=\"async\" width=\"450\" height=\"450\" src=\"https:\/\/artetfenetresparis93.com\/wp-content\/uploads\/2025\/02\/csm_alu-epure-cecilia_classique_9e871c8e04.jpg\" class=\"attachment-large size-large wp-image-760\" alt=\"\" srcset=\"https:\/\/artetfenetresparis93.com\/wp-content\/uploads\/2025\/02\/csm_alu-epure-cecilia_classique_9e871c8e04.jpg 450w, https:\/\/artetfenetresparis93.com\/wp-content\/uploads\/2025\/02\/csm_alu-epure-cecilia_classique_9e871c8e04-300x300.jpg 300w, https:\/\/artetfenetresparis93.com\/wp-content\/uploads\/2025\/02\/csm_alu-epure-cecilia_classique_9e871c8e04-150x150.jpg 150w\" sizes=\"(max-width: 450px) 100vw, 450px\" \/>\t\t\t\t\t\t\t\t\t\t\t\t\t\t\t<\/div>\n\t\t\t\t<\/div>\n\t\t\t\t<\/div>\n\t\t<div class=\"elementor-element elementor-element-a6b2296 e-con-full e-flex e-con e-child\" data-id=\"a6b2296\" data-element_type=\"container\">\n\t\t\t\t<div class=\"elementor-element elementor-element-0133681 elementor-widget elementor-widget-heading\" data-id=\"0133681\" data-element_type=\"widget\" data-widget_type=\"heading.default\">\n\t\t\t\t<div class=\"elementor-widget-container\">\n\t\t\t\t\t<h2 class=\"elementor-heading-title elementor-size-default\">Volets Battants<\/h2>\t\t\t\t<\/div>\n\t\t\t\t<\/div>\n\t\t\t\t<div class=\"elementor-element elementor-element-da95a25 elementor-widget-divider--view-line elementor-widget elementor-widget-divider\" data-id=\"da95a25\" data-element_type=\"widget\" data-widget_type=\"divider.default\">\n\t\t\t\t<div class=\"elementor-widget-container\">\n\t\t\t\t\t\t\t<div class=\"elementor-divider\">\n\t\t\t<span class=\"elementor-divider-separator\">\n\t\t\t\t\t\t<\/span>\n\t\t<\/div>\n\t\t\t\t\t\t<\/div>\n\t\t\t\t<\/div>\n\t\t\t\t<div class=\"elementor-element elementor-element-60d73b3 elementor-widget elementor-widget-text-editor\" data-id=\"60d73b3\" data-element_type=\"widget\" data-widget_type=\"text-editor.default\">\n\t\t\t\t<div class=\"elementor-widget-container\">\n\t\t\t\t\t\t\t\t\t<p>Les volets battants permettent une luminosit\u00e9 ajust\u00e9e selon vos besoins gr\u00e2ce \u00e0 l\u2019espagnolette, mais pas que. En effet, une fois ferm\u00e9s, les battants forment une barri\u00e8re thermique qui assure le maintien de la chaleur \u00e0 l\u2019int\u00e9rieur de la pi\u00e8ce.<\/p>\t\t\t\t\t\t\t\t<\/div>\n\t\t\t\t<\/div>\n\t\t\t\t<\/div>\n\t\t\t\t\t<\/div>\n\t\t\t\t<\/div>\n\t\t<div class=\"elementor-element elementor-element-17d10ab e-flex e-con-boxed e-con e-parent\" data-id=\"17d10ab\" data-element_type=\"container\">\n\t\t\t\t\t<div class=\"e-con-inner\">\n\t\t<div class=\"elementor-element elementor-element-2a403b6 e-con-full e-flex e-con e-child\" data-id=\"2a403b6\" data-element_type=\"container\">\n\t\t\t\t<div class=\"elementor-element elementor-element-8b74603 elementor-widget elementor-widget-text-editor\" data-id=\"8b74603\" data-element_type=\"widget\" data-widget_type=\"text-editor.default\">\n\t\t\t\t<div class=\"elementor-widget-container\">\n\t\t\t\t\t\t\t\t\t<p>Envie d\u2019une fa\u00e7ade design ? Les volets coulissants sont guid\u00e9s dans un rail, assurant une fermeture sans \u00e0 coup. Avec des finitions discr\u00e8tes et leur syst\u00e8me pratique, pouvant \u00eatre motoris\u00e9s, les volets coulissants offrent l\u2019avantage de ne pas avoir \u00e0 se pencher pour les fermer.<\/p>\t\t\t\t\t\t\t\t<\/div>\n\t\t\t\t<\/div>\n\t\t\t\t<\/div>\n\t\t<div class=\"elementor-element elementor-element-8b85596 e-con-full e-flex e-con e-child\" data-id=\"8b85596\" data-element_type=\"container\">\n\t\t\t\t<div class=\"elementor-element elementor-element-21577f3 elementor-widget elementor-widget-image\" data-id=\"21577f3\" data-element_type=\"widget\" data-widget_type=\"image.default\">\n\t\t\t\t<div class=\"elementor-widget-container\">\n\t\t\t\t\t\t\t\t\t\t\t\t\t\t\t<img decoding=\"async\" width=\"450\" height=\"450\" src=\"https:\/\/artetfenetresparis93.com\/wp-content\/uploads\/2025\/02\/csm_pvc-classique-barres-echarpes-annie_057e3aa8ae.jpg\" class=\"attachment-full size-full wp-image-762\" alt=\"\" srcset=\"https:\/\/artetfenetresparis93.com\/wp-content\/uploads\/2025\/02\/csm_pvc-classique-barres-echarpes-annie_057e3aa8ae.jpg 450w, https:\/\/artetfenetresparis93.com\/wp-content\/uploads\/2025\/02\/csm_pvc-classique-barres-echarpes-annie_057e3aa8ae-300x300.jpg 300w, https:\/\/artetfenetresparis93.com\/wp-content\/uploads\/2025\/02\/csm_pvc-classique-barres-echarpes-annie_057e3aa8ae-150x150.jpg 150w\" sizes=\"(max-width: 450px) 100vw, 450px\" \/>\t\t\t\t\t\t\t\t\t\t\t\t\t\t\t<\/div>\n\t\t\t\t<\/div>\n\t\t\t\t<\/div>\n\t\t\t\t\t<\/div>\n\t\t\t\t<\/div>\n\t\t<div class=\"elementor-element elementor-element-4127f88 e-flex e-con-boxed e-con e-parent\" data-id=\"4127f88\" data-element_type=\"container\">\n\t\t\t\t\t<div class=\"e-con-inner\">\n\t\t\t\t<div class=\"elementor-element elementor-element-2f6017f elementor-widget elementor-widget-html\" data-id=\"2f6017f\" data-element_type=\"widget\" data-widget_type=\"html.default\">\n\t\t\t\t<div class=\"elementor-widget-container\">\n\t\t\t\t\t<div class=\"_df_book df-lite\" id=\"df_29\"  _slug=\"29\" data-title=\"pdf-principale\" wpoptions=\"true\" thumb=\"http:\/\/artetfenetresparis93.com\/wp-content\/uploads\/2024\/02\/cropped-Capture.png\" thumbtype=\"\" ><\/div><script class=\"df-shortcode-script\" nowprocket type=\"application\/javascript\">window.option_df_29 = {\"webgl\":\"true\",\"outline\":[],\"autoEnableOutline\":\"false\",\"autoEnableThumbnail\":\"false\",\"overwritePDFOutline\":\"false\",\"enableDownload\":\"false\",\"direction\":\"1\",\"pageSize\":\"0\",\"controlsPosition\":\"bottom\",\"source\":\"http:\\\/\\\/artetfenetresparis93.com\\\/wp-content\\\/uploads\\\/2024\\\/02\\\/publication.pdf\",\"wpOptions\":\"true\"}; if(window.DFLIP && window.DFLIP.parseBooks){window.DFLIP.parseBooks();}<\/script>\t\t\t\t\t<\/div>\n\t\t\t\t<\/div>\n\t\t\t\t\t<\/div>\n\t\t\t\t<\/div>\n\t\t\t\t<\/div>\n\t\t","protected":false},"excerpt":{"rendered":"<p>Volets et Store Banne Accompagnez vos fen\u00eatres de volets neufs avec la gamme de volets Art et Fen\u00eatres. Des styles [&hellip;]<\/p>\n","protected":false},"author":1,"featured_media":0,"parent":0,"menu_order":0,"comment_status":"closed","ping_status":"closed","template":"","meta":{"om_disable_all_campaigns":false,"_monsterinsights_skip_tracking":false,"_monsterinsights_sitenote_active":false,"_monsterinsights_sitenote_note":"","_monsterinsights_sitenote_category":0,"site-sidebar-layout":"no-sidebar","site-content-layout":"","ast-site-content-layout":"full-width-container","site-content-style":"default","site-sidebar-style":"default","ast-global-header-display":"","ast-banner-title-visibility":"","ast-main-header-display":"","ast-hfb-above-header-display":"","ast-hfb-below-header-display":"","ast-hfb-mobile-header-display":"","site-post-title":"disabled","ast-breadcrumbs-content":"","ast-featured-img":"disabled","footer-sml-layout":"","theme-transparent-header-meta":"","adv-header-id-meta":"","stick-header-meta":"","header-above-stick-meta":"","header-main-stick-meta":"","header-below-stick-meta":"","astra-migrate-meta-layouts":"default","ast-page-background-enabled":"default","ast-page-background-meta":{"desktop":{"background-color":"var(--ast-global-color-4)","background-image":"","background-repeat":"repeat","background-position":"center center","background-size":"auto","background-attachment":"scroll","background-type":"","background-media":"","overlay-type":"","overlay-color":"","overlay-opacity":"","overlay-gradient":""},"tablet":{"background-color":"","background-image":"","background-repeat":"repeat","background-position":"center center","background-size":"auto","background-attachment":"scroll","background-type":"","background-media":"","overlay-type":"","overlay-color":"","overlay-opacity":"","overlay-gradient":""},"mobile":{"background-color":"","background-image":"","background-repeat":"repeat","background-position":"center center","background-size":"auto","background-attachment":"scroll","background-type":"","background-media":"","overlay-type":"","overlay-color":"","overlay-opacity":"","overlay-gradient":""}},"ast-content-background-meta":{"desktop":{"background-color":"var(--ast-global-color-5)","background-image":"","background-repeat":"repeat","background-position":"center center","background-size":"auto","background-attachment":"scroll","background-type":"","background-media":"","overlay-type":"","overlay-color":"","overlay-opacity":"","overlay-gradient":""},"tablet":{"background-color":"var(--ast-global-color-5)","background-image":"","background-repeat":"repeat","background-position":"center center","background-size":"auto","background-attachment":"scroll","background-type":"","background-media":"","overlay-type":"","overlay-color":"","overlay-opacity":"","overlay-gradient":""},"mobile":{"background-color":"var(--ast-global-color-5)","background-image":"","background-repeat":"repeat","background-position":"center center","background-size":"auto","background-attachment":"scroll","background-type":"","background-media":"","overlay-type":"","overlay-color":"","overlay-opacity":"","overlay-gradient":""}},"footnotes":""},"yoast_head":"<!-- This site is optimized with the Yoast SEO plugin v23.0 - https:\/\/yoast.com\/wordpress\/plugins\/seo\/ -->\n<title>Volets et Store Banne - Fabricant et installateur de portes et fen\u00eatres en pvc ou aluminium, neuves ou sur mesure.<\/title>\n<meta name=\"robots\" content=\"index, follow, max-snippet:-1, max-image-preview:large, max-video-preview:-1\" \/>\n<link rel=\"canonical\" href=\"https:\/\/artetfenetresparis93.com\/index.php\/elementor-page-831\/\" \/>\n<meta property=\"og:locale\" content=\"en_US\" \/>\n<meta property=\"og:type\" content=\"article\" \/>\n<meta property=\"og:title\" content=\"Volets et Store Banne - Fabricant et installateur de portes et fen\u00eatres en pvc ou aluminium, neuves ou sur mesure.\" \/>\n<meta property=\"og:description\" content=\"Volets et Store Banne Accompagnez vos fen\u00eatres de volets neufs avec la gamme de volets Art et Fen\u00eatres. Des styles [&hellip;]\" \/>\n<meta property=\"og:url\" content=\"https:\/\/artetfenetresparis93.com\/index.php\/elementor-page-831\/\" \/>\n<meta property=\"og:site_name\" content=\"Fabricant et installateur de portes et fen\u00eatres en pvc ou aluminium, neuves ou sur mesure.\" \/>\n<meta property=\"article:modified_time\" content=\"2025-02-04T14:53:35+00:00\" \/>\n<meta property=\"og:image\" content=\"http:\/\/artetfenetresparis93.com\/wp-content\/uploads\/2025\/02\/csm_visuels-contact-page-temoignages-volets_c65821f147.jpg\" \/>\n<meta name=\"twitter:card\" content=\"summary_large_image\" \/>\n<meta name=\"twitter:label1\" content=\"Est. reading time\" \/>\n\t<meta name=\"twitter:data1\" content=\"1 minute\" \/>\n<script type=\"application\/ld+json\" class=\"yoast-schema-graph\">{\"@context\":\"https:\/\/schema.org\",\"@graph\":[{\"@type\":\"WebPage\",\"@id\":\"https:\/\/artetfenetresparis93.com\/index.php\/elementor-page-831\/\",\"url\":\"https:\/\/artetfenetresparis93.com\/index.php\/elementor-page-831\/\",\"name\":\"Volets et Store Banne - Fabricant et installateur de portes et fen\u00eatres en pvc ou aluminium, neuves ou sur mesure.\",\"isPartOf\":{\"@id\":\"https:\/\/artetfenetresparis93.com\/#website\"},\"primaryImageOfPage\":{\"@id\":\"https:\/\/artetfenetresparis93.com\/index.php\/elementor-page-831\/#primaryimage\"},\"image\":{\"@id\":\"https:\/\/artetfenetresparis93.com\/index.php\/elementor-page-831\/#primaryimage\"},\"thumbnailUrl\":\"http:\/\/artetfenetresparis93.com\/wp-content\/uploads\/2025\/02\/csm_visuels-contact-page-temoignages-volets_c65821f147.jpg\",\"datePublished\":\"2025-02-03T19:08:48+00:00\",\"dateModified\":\"2025-02-04T14:53:35+00:00\",\"breadcrumb\":{\"@id\":\"https:\/\/artetfenetresparis93.com\/index.php\/elementor-page-831\/#breadcrumb\"},\"inLanguage\":\"en-US\",\"potentialAction\":[{\"@type\":\"ReadAction\",\"target\":[\"https:\/\/artetfenetresparis93.com\/index.php\/elementor-page-831\/\"]}]},{\"@type\":\"ImageObject\",\"inLanguage\":\"en-US\",\"@id\":\"https:\/\/artetfenetresparis93.com\/index.php\/elementor-page-831\/#primaryimage\",\"url\":\"https:\/\/artetfenetresparis93.com\/wp-content\/uploads\/2025\/02\/csm_visuels-contact-page-temoignages-volets_c65821f147.jpg\",\"contentUrl\":\"https:\/\/artetfenetresparis93.com\/wp-content\/uploads\/2025\/02\/csm_visuels-contact-page-temoignages-volets_c65821f147.jpg\",\"width\":760,\"height\":504},{\"@type\":\"BreadcrumbList\",\"@id\":\"https:\/\/artetfenetresparis93.com\/index.php\/elementor-page-831\/#breadcrumb\",\"itemListElement\":[{\"@type\":\"ListItem\",\"position\":1,\"name\":\"Accueil\",\"item\":\"https:\/\/artetfenetresparis93.com\/\"},{\"@type\":\"ListItem\",\"position\":2,\"name\":\"Volets et Store Banne\"}]},{\"@type\":\"WebSite\",\"@id\":\"https:\/\/artetfenetresparis93.com\/#website\",\"url\":\"https:\/\/artetfenetresparis93.com\/\",\"name\":\"Fabricant et installateur de portes et fen\u00eatres en pvc ou aluminium, neuves ou sur mesure.\",\"description\":\"\",\"publisher\":{\"@id\":\"https:\/\/artetfenetresparis93.com\/#organization\"},\"potentialAction\":[{\"@type\":\"SearchAction\",\"target\":{\"@type\":\"EntryPoint\",\"urlTemplate\":\"https:\/\/artetfenetresparis93.com\/?s={search_term_string}\"},\"query-input\":\"required name=search_term_string\"}],\"inLanguage\":\"en-US\"},{\"@type\":\"Organization\",\"@id\":\"https:\/\/artetfenetresparis93.com\/#organization\",\"name\":\"Fabricant et installateur de portes et fen\u00eatres en pvc ou aluminium, neuves ou sur mesure.\",\"url\":\"https:\/\/artetfenetresparis93.com\/\",\"logo\":{\"@type\":\"ImageObject\",\"inLanguage\":\"en-US\",\"@id\":\"https:\/\/artetfenetresparis93.com\/#\/schema\/logo\/image\/\",\"url\":\"https:\/\/artetfenetresparis93.com\/wp-content\/uploads\/2024\/02\/cropped-Capture-e1707413239514.png\",\"contentUrl\":\"https:\/\/artetfenetresparis93.com\/wp-content\/uploads\/2024\/02\/cropped-Capture-e1707413239514.png\",\"width\":245,\"height\":73,\"caption\":\"Fabricant et installateur de portes et fen\u00eatres en pvc ou aluminium, neuves ou sur mesure. \"},\"image\":{\"@id\":\"https:\/\/artetfenetresparis93.com\/#\/schema\/logo\/image\/\"}}]}<\/script>\n<!-- \/ Yoast SEO plugin. -->","yoast_head_json":{"title":"Volets et Store Banne - Fabricant et installateur de portes et fen\u00eatres en pvc ou aluminium, neuves ou sur mesure.","robots":{"index":"index","follow":"follow","max-snippet":"max-snippet:-1","max-image-preview":"max-image-preview:large","max-video-preview":"max-video-preview:-1"},"canonical":"https:\/\/artetfenetresparis93.com\/index.php\/elementor-page-831\/","og_locale":"en_US","og_type":"article","og_title":"Volets et Store Banne - Fabricant et installateur de portes et fen\u00eatres en pvc ou aluminium, neuves ou sur mesure.","og_description":"Volets et Store Banne Accompagnez vos fen\u00eatres de volets neufs avec la gamme de volets Art et Fen\u00eatres. Des styles [&hellip;]","og_url":"https:\/\/artetfenetresparis93.com\/index.php\/elementor-page-831\/","og_site_name":"Fabricant et installateur de portes et fen\u00eatres en pvc ou aluminium, neuves ou sur mesure.","article_modified_time":"2025-02-04T14:53:35+00:00","og_image":[{"url":"http:\/\/artetfenetresparis93.com\/wp-content\/uploads\/2025\/02\/csm_visuels-contact-page-temoignages-volets_c65821f147.jpg"}],"twitter_card":"summary_large_image","twitter_misc":{"Est. reading time":"1 minute"},"schema":{"@context":"https:\/\/schema.org","@graph":[{"@type":"WebPage","@id":"https:\/\/artetfenetresparis93.com\/index.php\/elementor-page-831\/","url":"https:\/\/artetfenetresparis93.com\/index.php\/elementor-page-831\/","name":"Volets et Store Banne - Fabricant et installateur de portes et fen\u00eatres en pvc ou aluminium, neuves ou sur mesure.","isPartOf":{"@id":"https:\/\/artetfenetresparis93.com\/#website"},"primaryImageOfPage":{"@id":"https:\/\/artetfenetresparis93.com\/index.php\/elementor-page-831\/#primaryimage"},"image":{"@id":"https:\/\/artetfenetresparis93.com\/index.php\/elementor-page-831\/#primaryimage"},"thumbnailUrl":"http:\/\/artetfenetresparis93.com\/wp-content\/uploads\/2025\/02\/csm_visuels-contact-page-temoignages-volets_c65821f147.jpg","datePublished":"2025-02-03T19:08:48+00:00","dateModified":"2025-02-04T14:53:35+00:00","breadcrumb":{"@id":"https:\/\/artetfenetresparis93.com\/index.php\/elementor-page-831\/#breadcrumb"},"inLanguage":"en-US","potentialAction":[{"@type":"ReadAction","target":["https:\/\/artetfenetresparis93.com\/index.php\/elementor-page-831\/"]}]},{"@type":"ImageObject","inLanguage":"en-US","@id":"https:\/\/artetfenetresparis93.com\/index.php\/elementor-page-831\/#primaryimage","url":"https:\/\/artetfenetresparis93.com\/wp-content\/uploads\/2025\/02\/csm_visuels-contact-page-temoignages-volets_c65821f147.jpg","contentUrl":"https:\/\/artetfenetresparis93.com\/wp-content\/uploads\/2025\/02\/csm_visuels-contact-page-temoignages-volets_c65821f147.jpg","width":760,"height":504},{"@type":"BreadcrumbList","@id":"https:\/\/artetfenetresparis93.com\/index.php\/elementor-page-831\/#breadcrumb","itemListElement":[{"@type":"ListItem","position":1,"name":"Accueil","item":"https:\/\/artetfenetresparis93.com\/"},{"@type":"ListItem","position":2,"name":"Volets et Store Banne"}]},{"@type":"WebSite","@id":"https:\/\/artetfenetresparis93.com\/#website","url":"https:\/\/artetfenetresparis93.com\/","name":"Fabricant et installateur de portes et fen\u00eatres en pvc ou aluminium, neuves ou sur mesure.","description":"","publisher":{"@id":"https:\/\/artetfenetresparis93.com\/#organization"},"potentialAction":[{"@type":"SearchAction","target":{"@type":"EntryPoint","urlTemplate":"https:\/\/artetfenetresparis93.com\/?s={search_term_string}"},"query-input":"required name=search_term_string"}],"inLanguage":"en-US"},{"@type":"Organization","@id":"https:\/\/artetfenetresparis93.com\/#organization","name":"Fabricant et installateur de portes et fen\u00eatres en pvc ou aluminium, neuves ou sur mesure.","url":"https:\/\/artetfenetresparis93.com\/","logo":{"@type":"ImageObject","inLanguage":"en-US","@id":"https:\/\/artetfenetresparis93.com\/#\/schema\/logo\/image\/","url":"https:\/\/artetfenetresparis93.com\/wp-content\/uploads\/2024\/02\/cropped-Capture-e1707413239514.png","contentUrl":"https:\/\/artetfenetresparis93.com\/wp-content\/uploads\/2024\/02\/cropped-Capture-e1707413239514.png","width":245,"height":73,"caption":"Fabricant et installateur de portes et fen\u00eatres en pvc ou aluminium, neuves ou sur mesure. "},"image":{"@id":"https:\/\/artetfenetresparis93.com\/#\/schema\/logo\/image\/"}}]}},"_links":{"self":[{"href":"https:\/\/artetfenetresparis93.com\/index.php\/wp-json\/wp\/v2\/pages\/754"}],"collection":[{"href":"https:\/\/artetfenetresparis93.com\/index.php\/wp-json\/wp\/v2\/pages"}],"about":[{"href":"https:\/\/artetfenetresparis93.com\/index.php\/wp-json\/wp\/v2\/types\/page"}],"author":[{"embeddable":true,"href":"https:\/\/artetfenetresparis93.com\/index.php\/wp-json\/wp\/v2\/users\/1"}],"replies":[{"embeddable":true,"href":"https:\/\/artetfenetresparis93.com\/index.php\/wp-json\/wp\/v2\/comments?post=754"}],"version-history":[{"count":43,"href":"https:\/\/artetfenetresparis93.com\/index.php\/wp-json\/wp\/v2\/pages\/754\/revisions"}],"predecessor-version":[{"id":827,"href":"https:\/\/artetfenetresparis93.com\/index.php\/wp-json\/wp\/v2\/pages\/754\/revisions\/827"}],"wp:attachment":[{"href":"https:\/\/artetfenetresparis93.com\/index.php\/wp-json\/wp\/v2\/media?parent=754"}],"curies":[{"name":"wp","href":"https:\/\/api.w.org\/{rel}","templated":true}]}}